{"id":777,"date":"2024-01-19T10:18:09","date_gmt":"2024-01-19T10:18:09","guid":{"rendered":"http:\/\/localhost:8888\/flen-wp\/?page_id=777"},"modified":"2024-03-28T13:56:19","modified_gmt":"2024-03-28T13:56:19","slug":"contact","status":"publish","type":"page","link":"https:\/\/bepefoto.se\/index.php\/contact\/","title":{"rendered":"Kontakt"},"content":{"rendered":"\t\t<div data-elementor-type=\"wp-page\" data-elementor-id=\"777\" class=\"elementor elementor-777\">\n\t\t\t\t<div class=\"elementor-element elementor-element-2e21815 e-con-full e-flex e-con e-parent\" data-id=\"2e21815\" data-element_type=\"container\">\n\t\t\t\t<div class=\"elementor-element elementor-element-2da10d3 elementor-widget elementor-widget-page_header\" data-id=\"2da10d3\" data-element_type=\"widget\" data-widget_type=\"page_header.default\">\n\t\t\t\t<div class=\"elementor-widget-container\">\n\t\t\t\n<div class=\"page-caption\">\n\t        <canvas class=\"scene scene--full\" id=\"scene\"><\/canvas>\n\t        <div class=\"spacer-300 spacer-md-200\"><\/div>\n        <div class=\"container\">\n\t\t\t            <h2 class=\"title text-anime\">Komma i kontakt<\/h2>\n\t\t\t\t\t\t\t\t\t\t\t<div class=\"spacer-30 spacer-sm-15\"><\/div>\n\t\t\t\t<h6 class=\"text-anime sub-caption\"><\/h6>\n\t\t\t\t        <\/div>\n    <\/div>\n\n\t\t<\/div>\n\t\t\t\t<\/div>\n\t\t\t\t<\/div>\n\t\t<div class=\"elementor-element elementor-element-3984a37 e-flex e-con-boxed e-con e-parent\" data-id=\"3984a37\" data-element_type=\"container\">\n\t\t\t\t\t<div class=\"e-con-inner\">\n\t\t<div class=\"elementor-element elementor-element-b717ae1 e-con-full e-flex e-con e-child\" data-id=\"b717ae1\" data-element_type=\"container\">\n\t\t\t\t<div class=\"elementor-element elementor-element-a50ee48 elementor-widget elementor-widget-typography\" data-id=\"a50ee48\" data-element_type=\"widget\" data-widget_type=\"typography.default\">\n\t\t\t\t<div class=\"elementor-widget-container\">\n\t\t\t\n\t<h6 style=\"text-align:left\" class=\"text-anime\" >Har ett projekt?<\/h6>\n\n\n\n\t\t<\/div>\n\t\t\t\t<\/div>\n\t\t\t\t<\/div>\n\t\t<div class=\"elementor-element elementor-element-5b4289a e-con-full e-flex e-con e-child\" data-id=\"5b4289a\" data-element_type=\"container\">\n\t\t\t\t<\/div>\n\t\t\t\t\t<\/div>\n\t\t\t\t<\/div>\n\t\t<div class=\"elementor-element elementor-element-5c497b3 e-con-full e-flex e-con e-parent\" data-id=\"5c497b3\" data-element_type=\"container\">\n\t\t\t\t<div class=\"elementor-element elementor-element-12eca2c map-anime elementor-widget elementor-widget-google_maps\" data-id=\"12eca2c\" data-element_type=\"widget\" data-widget_type=\"google_maps.default\">\n\t\t\t\t<div class=\"elementor-widget-container\">\n\t\t\t\t\t<div class=\"elementor-custom-embed\">\n\t\t\t<iframe loading=\"lazy\"\n\t\t\t\t\tsrc=\"https:\/\/maps.google.com\/maps?q=Storgatsbacken%2018G%2C%2033137%20V%C3%A4rnamo&#038;t=m&#038;z=17&#038;output=embed&#038;iwloc=near\"\n\t\t\t\t\ttitle=\"Storgatsbacken 18G, 33137 V\u00e4rnamo\"\n\t\t\t\t\taria-label=\"Storgatsbacken 18G, 33137 V\u00e4rnamo\"\n\t\t\t><\/iframe>\n\t\t<\/div>\n\t\t\t\t<\/div>\n\t\t\t\t<\/div>\n\t\t\t\t<\/div>\n\t\t<div class=\"elementor-element elementor-element-cd8412b e-flex e-con-boxed e-con e-parent\" data-id=\"cd8412b\" data-element_type=\"container\">\n\t\t\t\t\t<div class=\"e-con-inner\">\n\t\t<div class=\"elementor-element elementor-element-1ccadc6 e-con-full e-flex e-con e-child\" data-id=\"1ccadc6\" data-element_type=\"container\">\n\t\t\t\t<div class=\"elementor-element elementor-element-94d6da1 elementor-widget elementor-widget-typography\" data-id=\"94d6da1\" data-element_type=\"widget\" data-widget_type=\"typography.default\">\n\t\t\t\t<div class=\"elementor-widget-container\">\n\t\t\t\n\t<h6 style=\"text-align:left\" class=\"text-anime\" >V\u00e5r adress<\/h6>\n\n\n\n\t\t<\/div>\n\t\t\t\t<\/div>\n\t\t\t\t<div class=\"elementor-element elementor-element-a303b9b elementor-widget elementor-widget-typography\" data-id=\"a303b9b\" data-element_type=\"widget\" data-widget_type=\"typography.default\">\n\t\t\t\t<div class=\"elementor-widget-container\">\n\t\t\t\n\t\t<p style=\"text-align:left\" class=\"custom default text-anime\">Storgatsbacken 18G, 33137 V\u00e4rnamo<\/p>\n\t\n\n\n\t\t<\/div>\n\t\t\t\t<\/div>\n\t\t\t\t<div class=\"elementor-element elementor-element-c6346d8 elementor-widget elementor-widget-typography\" data-id=\"c6346d8\" data-element_type=\"widget\" data-widget_type=\"typography.default\">\n\t\t\t\t<div class=\"elementor-widget-container\">\n\t\t\t\n\t<h6 style=\"text-align:left\" class=\"text-anime\" >Ring oss<\/h6>\n\n\n\n\t\t<\/div>\n\t\t\t\t<\/div>\n\t\t\t\t<div class=\"elementor-element elementor-element-34928bd elementor-widget elementor-widget-typography\" data-id=\"34928bd\" data-element_type=\"widget\" data-widget_type=\"typography.default\">\n\t\t\t\t<div class=\"elementor-widget-container\">\n\t\t\t\n\t\t<p style=\"text-align:left\" class=\"custom default text-anime\">03 7010 368<\/p>\n\t\n\n\n\t\t<\/div>\n\t\t\t\t<\/div>\n\t\t\t\t<div class=\"elementor-element elementor-element-263f3cf elementor-widget elementor-widget-typography\" data-id=\"263f3cf\" data-element_type=\"widget\" data-widget_type=\"typography.default\">\n\t\t\t\t<div class=\"elementor-widget-container\">\n\t\t\t\n\t<h6 style=\"text-align:left\" class=\"text-anime\" >Skicka epost<\/h6>\n\n\n\n\t\t<\/div>\n\t\t\t\t<\/div>\n\t\t\t\t<div class=\"elementor-element elementor-element-cd2bf2b elementor-widget elementor-widget-typography\" data-id=\"cd2bf2b\" data-element_type=\"widget\" data-widget_type=\"typography.default\">\n\t\t\t\t<div class=\"elementor-widget-container\">\n\t\t\t\n\t\t<p style=\"text-align:left\" class=\"custom default text-anime\">info@bepefoto.se<\/p>\n\t\n\n\n\t\t<\/div>\n\t\t\t\t<\/div>\n\t\t\t\t<\/div>\n\t\t<div class=\"elementor-element elementor-element-5135d70 e-con-full e-flex e-con e-child\" data-id=\"5135d70\" data-element_type=\"container\">\n\t\t\t\t<div class=\"elementor-element elementor-element-00e4e28 elementor-widget elementor-widget-typography\" data-id=\"00e4e28\" data-element_type=\"widget\" data-widget_type=\"typography.default\">\n\t\t\t\t<div class=\"elementor-widget-container\">\n\t\t\t\n\t<h6 style=\"text-align:left\"  >Eller fyll i formul\u00e4ret nedan<\/h6>\n\n\n\n\t\t<\/div>\n\t\t\t\t<\/div>\n\t\t\t\t<div class=\"elementor-element elementor-element-8b07b34 elementor-widget elementor-widget-shortcode\" data-id=\"8b07b34\" data-element_type=\"widget\" data-widget_type=\"shortcode.default\">\n\t\t\t\t<div class=\"elementor-widget-container\">\n\t\t\t\t\t<div class=\"elementor-shortcode\">\n<div class=\"wpcf7 no-js\" id=\"wpcf7-f845-o1\" lang=\"en-US\" dir=\"ltr\">\n<div class=\"screen-reader-response\"><p role=\"status\" aria-live=\"polite\" aria-atomic=\"true\"><\/p> <ul><\/ul><\/div>\n<form action=\"\/index.php\/wp-json\/wp\/v2\/pages\/777#wpcf7-f845-o1\" method=\"post\" class=\"wpcf7-form init\" aria-label=\"Contact form\" novalidate=\"novalidate\" data-status=\"init\">\n<div style=\"display: none;\">\n<input type=\"hidden\" name=\"_wpcf7\" value=\"845\" \/>\n<input type=\"hidden\" name=\"_wpcf7_version\" value=\"5.9.8\" \/>\n<input type=\"hidden\" name=\"_wpcf7_locale\" value=\"en_US\" \/>\n<input type=\"hidden\" name=\"_wpcf7_unit_tag\" value=\"wpcf7-f845-o1\" \/>\n<input type=\"hidden\" name=\"_wpcf7_container_post\" value=\"0\" \/>\n<input type=\"hidden\" name=\"_wpcf7_posted_data_hash\" value=\"\" \/>\n<\/div>\n<p><span class=\"wpcf7-form-control-wrap\" data-name=\"text-688\"><input size=\"40\" maxlength=\"400\" class=\"wpcf7-form-control wpcf7-text contact-bar\" aria-invalid=\"false\" placeholder=\"Namn\" value=\"\" type=\"text\" name=\"text-688\" \/><\/span>\n<\/p>\n<p><span class=\"wpcf7-form-control-wrap\" data-name=\"email-578\"><input size=\"40\" maxlength=\"400\" class=\"wpcf7-form-control wpcf7-email wpcf7-text wpcf7-validates-as-email contact-bar\" aria-invalid=\"false\" placeholder=\"Epost\" value=\"\" type=\"email\" name=\"email-578\" \/><\/span>\n<\/p>\n<p><span class=\"wpcf7-form-control-wrap\" data-name=\"text-707\"><input size=\"40\" maxlength=\"400\" class=\"wpcf7-form-control wpcf7-text contact-bar\" aria-invalid=\"false\" placeholder=\"F\u00f6retag\" value=\"\" type=\"text\" name=\"text-707\" \/><\/span>\n<\/p>\n<p><span class=\"wpcf7-form-control-wrap\" data-name=\"textarea-741\"><textarea cols=\"40\" rows=\"10\" maxlength=\"2000\" class=\"wpcf7-form-control wpcf7-textarea contact-bar\" aria-invalid=\"false\" placeholder=\"Ber\u00e4tta om ditt projekt\" name=\"textarea-741\"><\/textarea><\/span>\n<\/p>\n<p><input class=\"wpcf7-form-control wpcf7-submit has-spinner form-btn\" type=\"submit\" value=\"SKICKA DET\" \/>\n<\/p><div class=\"wpcf7-response-output\" aria-hidden=\"true\"><\/div>\n<\/form>\n<\/div>\n<\/div>\n\t\t\t\t<\/div>\n\t\t\t\t<\/div>\n\t\t\t\t<\/div>\n\t\t\t\t\t<\/div>\n\t\t\t\t<\/div>\n\t\t\t\t<\/div>\n\t\t","protected":false},"excerpt":{"rendered":"<p>Komma i kontakt Har ett projekt? V\u00e5r adress Storgatsbacken 18G, 33137 V\u00e4rnamo Ring oss 03 7010 368 Skicka epost info@bepefoto.se Eller fyll i formul\u00e4ret nedan<\/p>\n","protected":false},"author":1,"featured_media":0,"parent":0,"menu_order":0,"comment_status":"closed","ping_status":"closed","template":"","meta":{"_acf_changed":false,"footnotes":""},"class_list":["post-777","page","type-page","status-publish","hentry"],"acf":[],"_links":{"self":[{"href":"https:\/\/bepefoto.se\/index.php\/wp-json\/wp\/v2\/pages\/777","targetHints":{"allow":["GET"]}}],"collection":[{"href":"https:\/\/bepefoto.se\/index.php\/wp-json\/wp\/v2\/pages"}],"about":[{"href":"https:\/\/bepefoto.se\/index.php\/wp-json\/wp\/v2\/types\/page"}],"author":[{"embeddable":true,"href":"https:\/\/bepefoto.se\/index.php\/wp-json\/wp\/v2\/users\/1"}],"replies":[{"embeddable":true,"href":"https:\/\/bepefoto.se\/index.php\/wp-json\/wp\/v2\/comments?post=777"}],"version-history":[{"count":17,"href":"https:\/\/bepefoto.se\/index.php\/wp-json\/wp\/v2\/pages\/777\/revisions"}],"predecessor-version":[{"id":1771,"href":"https:\/\/bepefoto.se\/index.php\/wp-json\/wp\/v2\/pages\/777\/revisions\/1771"}],"wp:attachment":[{"href":"https:\/\/bepefoto.se\/index.php\/wp-json\/wp\/v2\/media?parent=777"}],"curies":[{"name":"wp","href":"https:\/\/api.w.org\/{rel}","templated":true}]}}