{"id":699,"date":"2024-01-19T08:13:08","date_gmt":"2024-01-19T08:13:08","guid":{"rendered":"http:\/\/localhost:8888\/flen-wp\/?page_id=699"},"modified":"2024-04-08T22:18:03","modified_gmt":"2024-04-08T22:18:03","slug":"about","status":"publish","type":"page","link":"https:\/\/bepefoto.se\/index.php\/about\/","title":{"rendered":"Om Oss"},"content":{"rendered":"\t\t<div data-elementor-type=\"wp-page\" data-elementor-id=\"699\" class=\"elementor elementor-699\">\n\t\t\t\t<div class=\"elementor-element elementor-element-f06c651 e-con-full e-flex e-con e-parent\" data-id=\"f06c651\" data-element_type=\"container\">\n\t\t\t\t<div class=\"elementor-element elementor-element-1749925 elementor-widget elementor-widget-page_header\" data-id=\"1749925\" data-element_type=\"widget\" data-widget_type=\"page_header.default\">\n\t\t\t\t<div class=\"elementor-widget-container\">\n\t\t\t\n<div class=\"page-caption\">\n\t        <canvas class=\"scene scene--full\" id=\"scene\"><\/canvas>\n\t        <div class=\"spacer-300 spacer-md-200\"><\/div>\n        <div class=\"container\">\n\t\t\t            <h2 class=\"title text-anime\">Om Oss<\/h2>\n\t\t\t\t\t\t\t\t\t\t\t<div class=\"spacer-30 spacer-sm-15\"><\/div>\n\t\t\t\t<h6 class=\"text-anime sub-caption\"><\/h6>\n\t\t\t\t        <\/div>\n    <\/div>\n\n\t\t<\/div>\n\t\t\t\t<\/div>\n\t\t\t\t<\/div>\n\t\t<div class=\"elementor-element elementor-element-cc651b9 e-con-full e-flex e-con e-parent\" data-id=\"cc651b9\" data-element_type=\"container\">\n\t\t\t\t<div class=\"elementor-element elementor-element-5b9c401e elementor-widget elementor-widget-about_flen_3\" data-id=\"5b9c401e\" data-element_type=\"widget\" data-widget_type=\"about_flen_3.default\">\n\t\t\t\t<div class=\"elementor-widget-container\">\n\t\t\t\n\n<div class=\"spacer-150 spacer-md-90 spacer-sm-60\"><\/div>\n<div class=\"about-flen-three\" id=\"content-3\">\n            <div class=\"row\">\n                <div class=\"col-xl-5 col-lg-5 col-md-11 left-area\">\n                    <h6 class=\"text-anime\">Be-Pe Foto har hj\u00e4lpt folk att dokumentera sin samtid i n\u00e4stan 100 \u00e5r. <br>\n2024 firas 100 \u00e5r och \u00e4r d\u00e4rmed ett av\nV\u00e4rnamos \u00e4ldsta f\u00f6retag!<\/h6>\n                    <!-- Number -->\n                    <div class=\"spacer-60 spacer-md-30\"><\/div>\n                    <div class=\"row about-number\">\n                        <div class=\"col-3 counter fade-up-anime\">\n                            <div class=\"count-number\">100<\/div>\n                            <div class=\"right-side\">\n                                <div class=\"plus\"><span>+<\/span><\/div>\n                            <\/div>\n                        <\/div>\n                        <div class=\"col\">\n                            <p class=\"little text-anime\">\u00c5R<\/p>\n                        <\/div>\n                        <div class=\"spacer-60 spacer-md-30\"><\/div>\n                        <hr>\n                    <\/div>\n                <\/div>\n\n                <div class=\"col-xl-5 col-lg-5 col-md-10 col-10 offset-1 offset-md-1 offset-lg-2 offset-xl-2\">\n                    <p class=\"text-anime right-area\">Bepe Foto \u00e4r en dedikerad fotografistudio som str\u00e4var efter att f\u00f6rvandla \u00f6gonblick till konstverk. Med en passion f\u00f6r att f\u00e5nga livets sk\u00f6nhet erbjuder vi enast\u00e5ende fotografiupplevelser som \u00e4r tidl\u00f6sa och minnesv\u00e4rda. V\u00e5r skickliga och kreativa team arbetar n\u00e4ra kunder f\u00f6r att f\u00f6rst\u00e5 deras visioner och leverera bilder som \u00f6verskrider f\u00f6rv\u00e4ntningarna. Oavsett om det \u00e4r f\u00f6r br\u00f6llop, portr\u00e4tt, f\u00f6retagsevenemang eller familjefoton, l\u00e4gger vi stor vikt vid varje detalj f\u00f6r att skapa bilder som ber\u00f6r och inspirerar. Med Bepe Foto kan du lita p\u00e5 att dina speciella \u00f6gonblick kommer att f\u00e5 den uppm\u00e4rksamhet och omsorg de f\u00f6rtj\u00e4nar, f\u00f6r att bli minnen f\u00f6r livet.<\/p>\n                    <div class=\"spacer-90 spacer-md-60\"><\/div>\n                    <div class=\"client-slider swiper clip-animation from-down\">\n                        <div class=\"swiper-wrapper\">\n                          <!-- Slides -->\n\t\t\t\t\t\t                            <div class=\"swiper-slide\"><img decoding=\"async\" src=\"\" alt=\"\"><\/div>\n\t\t\t\t\t\t                          <\/div>\n                      <\/div>\n                <\/div>\n            <\/div>\n            <div class=\"spacer-150 spacer-md-60 spacer-sm-60\"><\/div>\n              <!-- Video -->\n            <div class=\"about-video\">\n                <div class=\"video-wrapper video-anime\">\n                    <video playsinline loop=\"\" muted=\"\" >\n                        <source src=\"https:\/\/bepefoto.se\/wp-content\/uploads\/2024\/03\/omossvideo.mp4\" type=\"video\/mp4\">\n                    <\/video>\n                <\/div>\n            <\/div>\n    <\/div>\n\n\n\n\n\t\t<\/div>\n\t\t\t\t<\/div>\n\t\t\t\t<\/div>\n\t\t<div class=\"elementor-element elementor-element-34fd0343 e-con-full e-flex e-con e-parent\" data-id=\"34fd0343\" data-element_type=\"container\" data-settings=\"{&quot;background_background&quot;:&quot;classic&quot;}\">\n\t\t\t\t<div class=\"elementor-element elementor-element-3252eb10 elementor-widget elementor-widget-services_2\" data-id=\"3252eb10\" data-element_type=\"widget\" data-widget_type=\"services_2.default\">\n\t\t\t\t<div class=\"elementor-widget-container\">\n\t\t\t\n\n\n<div class=\"spacer-150 spacer-md-90 spacer-sm-45\"><\/div>\n    <div class=\"services-1\">\n        <div class=\"container\">\n            <h4 class=\"text-anime\">\n\t\t\t\tV\u00c5RA TJ\u00c4NSTER<br>\nVI KAN HJ\u00c4LPA ER MED            <\/h4>\n            <div class=\"row\">\n                <div class=\"col-xl-12 accordion\">\n                    <div class=\"spacer-45 spacer-sm-15\"><\/div>\n\n\t\t\t\t\t                    <div class=\"accordion-title\">\n                        <div class=\"spacer-30\"><\/div>\n                        <div class=\"text-anime\">Nyf\u00f6ddfoto<\/div>\n                        <p class=\"little\">Bevara de tidigaste \u00f6gonblicken med v\u00e5ra \u00f6mt\u00e5liga fotograferingssessioner f\u00f6r sp\u00e4dbarn, d\u00e4r vi expertt tar f\u00e5nga oskuld och sk\u00f6nhet hos er nyaste familjemedlem.<\/p>\n                        <div class=\"spacer-30\"><\/div>\n                        <hr>\n                    <\/div>\n\t\t\t\t\t                    <div class=\"accordion-title\">\n                        <div class=\"spacer-30\"><\/div>\n                        <div class=\"text-anime\">Br\u00f6llopsfoto<\/div>\n                        <p class=\"little\">F\u00f6rvandla er speciella dag till tidl\u00f6sa minnen med elegant br\u00f6llopsfotografi som speglar er k\u00e4rlekshistoria, f\u00e5nga varje k\u00e4nsla och detalj med tidl\u00f6s sk\u00f6nhet.<\/p>\n                        <div class=\"spacer-30\"><\/div>\n                        <hr>\n                    <\/div>\n\t\t\t\t\t                    <div class=\"accordion-title\">\n                        <div class=\"spacer-30\"><\/div>\n                        <div class=\"text-anime\">Familjefoto<\/div>\n                        <p class=\"little\">Bevara \u00e4lskade \u00f6gonblick med hj\u00e4rtev\u00e4rmande familjeportr\u00e4tt, f\u00e5ngar k\u00e4rlek och skratt f\u00f6r kommande generationer.<\/p>\n                        <div class=\"spacer-30\"><\/div>\n                        <hr>\n                    <\/div>\n\t\t\t\t\t                    <div class=\"accordion-title\">\n                        <div class=\"spacer-30\"><\/div>\n                        <div class=\"text-anime\">Barn\/syskon<\/div>\n                        <p class=\"little\">F\u00f6r alltid bevara gl\u00e4djen fr\u00e5n barndomen och syskonbanden med v\u00e5ra hj\u00e4rtev\u00e4rmande fotograferingssessioner, f\u00e5nga \u00f6gonblick som varar livet ut.<\/p>\n                        <div class=\"spacer-30\"><\/div>\n                        <hr>\n                    <\/div>\n\t\t\t\t\t                    <div class=\"accordion-title\">\n                        <div class=\"spacer-30\"><\/div>\n                        <div class=\"text-anime\">Husdjur<\/div>\n                        <p class=\"little\">Fira dina lurviga v\u00e4nner med hj\u00e4rtev\u00e4rmande portr\u00e4tt. V\u00e5r djurfotografering f\u00e5ngar deras personligheter och band, och bevarar \u00e4lskade minnen f\u00f6r alltid.<\/p>\n                        <div class=\"spacer-30\"><\/div>\n                        <hr>\n                    <\/div>\n\t\t\t\t\t                    <div class=\"accordion-title\">\n                        <div class=\"spacer-30\"><\/div>\n                        <div class=\"text-anime\">Student<\/div>\n                        <p class=\"little\">F\u00e5nga gl\u00e4djen i gymnasieavslutningen med Bepe Foto. V\u00e5r professionella fotografering s\u00e4kerst\u00e4ller best\u00e5ende minnen av denna betydelsefulla prestation.<\/p>\n                        <div class=\"spacer-30\"><\/div>\n                        <hr>\n                    <\/div>\n\t\t\t\t\t                    <div class=\"accordion-title\">\n                        <div class=\"spacer-30\"><\/div>\n                        <div class=\"text-anime\">Evenemang<\/div>\n                        <p class=\"little\">F\u00f6rvandla dina speciella \u00f6gonblick till minnen med v\u00e5r expertis inom eventfotografering, d\u00e4r varje detalj f\u00e5ngas med precision och k\u00e4nsla.<\/p>\n                        <div class=\"spacer-30\"><\/div>\n                        <hr>\n                    <\/div>\n\t\t\t\t\t                    <div class=\"accordion-title\">\n                        <div class=\"spacer-30\"><\/div>\n                        <div class=\"text-anime\">Annat<\/div>\n                        <p class=\"little\">Fr\u00e5n f\u00f6retagsevenemang till familjesammankomster f\u00e5ngar vi skickligt olika \u00f6gonblick, s\u00e4kerst\u00e4ller att varje tillf\u00e4lle \u00e4r f\u00f6r evigt med precision och v\u00e4rme.<\/p>\n                        <div class=\"spacer-30\"><\/div>\n                        <hr>\n                    <\/div>\n\t\t\t\t\t\n                <\/div>\n            <\/div>\n        <\/div>\n    <\/div>\n\n\t\t<\/div>\n\t\t\t\t<\/div>\n\t\t\t\t<\/div>\n\t\t<div class=\"elementor-element elementor-element-fafb7dd e-con-full e-flex e-con e-parent\" data-id=\"fafb7dd\" data-element_type=\"container\" data-settings=\"{&quot;background_background&quot;:&quot;classic&quot;}\">\n\t\t\t\t<div class=\"elementor-element elementor-element-3a12792 elementor-widget elementor-widget-team\" data-id=\"3a12792\" data-element_type=\"widget\" data-widget_type=\"team.default\">\n\t\t\t\t<div class=\"elementor-widget-container\">\n\t\t\t\n\t<div class=\"teammate-1\">\n\t\t\t<div class=\"team-wrap\">\n\n\t\t\t\t\t\t\t<div class=\"teammate\">\n\t\t\t\t\t<div class=\"rotate-wrap\">\n\t\t\t\t\t\t<div class=\"image-anime\">\n\t\t\t\t\t\t\t<img decoding=\"async\" src=\"https:\/\/bepefoto.se\/wp-content\/uploads\/2024\/04\/DSC_7721newcopy.jpg\" alt=\"\">\n\t\t\t\t\t\t<\/div>\n\t\t\t\t\t<\/div>\n\t\t\t\t\t<div class=\"teammate-info\">\n\t\t\t\t\t\t<span class=\"name text-anime\">Rafal Al Anbari<\/span>\n\t\t\t\t\t\t<span class=\"job text-anime\">VD & Fotograf<\/span>\n\t\t\t\t\t<\/div>\n\t\t\t\t<\/div>\n\t\t\t\t\t\t<\/div>\n\t\t<\/div>\n\n\t\t<\/div>\n\t\t\t\t<\/div>\n\t\t\t\t<\/div>\n\t\t\t\t<\/div>\n\t\t","protected":false},"excerpt":{"rendered":"<p>Om Oss Be-Pe Foto har hj\u00e4lpt folk att dokumentera sin samtid i n\u00e4stan 100 \u00e5r. 2024 firas 100 \u00e5r och \u00e4r d\u00e4rmed ett av V\u00e4rnamos \u00e4ldsta f\u00f6retag! 100 + \u00c5R&#8230;<\/p>\n","protected":false},"author":1,"featured_media":0,"parent":0,"menu_order":0,"comment_status":"closed","ping_status":"closed","template":"","meta":{"_acf_changed":false,"footnotes":""},"class_list":["post-699","page","type-page","status-publish","hentry"],"acf":[],"_links":{"self":[{"href":"https:\/\/bepefoto.se\/index.php\/wp-json\/wp\/v2\/pages\/699","targetHints":{"allow":["GET"]}}],"collection":[{"href":"https:\/\/bepefoto.se\/index.php\/wp-json\/wp\/v2\/pages"}],"about":[{"href":"https:\/\/bepefoto.se\/index.php\/wp-json\/wp\/v2\/types\/page"}],"author":[{"embeddable":true,"href":"https:\/\/bepefoto.se\/index.php\/wp-json\/wp\/v2\/users\/1"}],"replies":[{"embeddable":true,"href":"https:\/\/bepefoto.se\/index.php\/wp-json\/wp\/v2\/comments?post=699"}],"version-history":[{"count":36,"href":"https:\/\/bepefoto.se\/index.php\/wp-json\/wp\/v2\/pages\/699\/revisions"}],"predecessor-version":[{"id":1776,"href":"https:\/\/bepefoto.se\/index.php\/wp-json\/wp\/v2\/pages\/699\/revisions\/1776"}],"wp:attachment":[{"href":"https:\/\/bepefoto.se\/index.php\/wp-json\/wp\/v2\/media?parent=699"}],"curies":[{"name":"wp","href":"https:\/\/api.w.org\/{rel}","templated":true}]}}