{"id":631,"date":"2024-01-18T19:34:39","date_gmt":"2024-01-18T19:34:39","guid":{"rendered":"http:\/\/localhost:8888\/flen-wp\/?page_id=631"},"modified":"2024-03-28T13:52:25","modified_gmt":"2024-03-28T13:52:25","slug":"photographer","status":"publish","type":"page","link":"https:\/\/bepefoto.se\/","title":{"rendered":"Photographer"},"content":{"rendered":"\t\t<div data-elementor-type=\"wp-page\" data-elementor-id=\"631\" class=\"elementor elementor-631\">\n\t\t\t\t<div class=\"elementor-element elementor-element-546c584 e-con-full e-flex e-con e-parent\" data-id=\"546c584\" data-element_type=\"container\">\n\t\t\t\t<div class=\"elementor-element elementor-element-92149ec elementor-widget elementor-widget-personal_hero_2\" data-id=\"92149ec\" data-element_type=\"widget\" data-widget_type=\"personal_hero_2.default\">\n\t\t\t\t<div class=\"elementor-widget-container\">\n\t\t\t\n<div class=\"photographer-hero\">\n        <canvas class=\"scene scene--full\" id=\"scene\"><\/canvas>\n            <div class=\"row g-0\">\n                <div class=\"col-xl-6 col-md-6 col-12 image-outer\">\n                    <div class=\"man-image clip-animation from-left overlay-on\" style=\"background-image: url(https:\/\/bepefoto.se\/wp-content\/uploads\/2024\/03\/rafal-main.jpg);\"><\/div>\n                <\/div>\n                <div class=\"col-xl-5 offset-xl-1 col-md-5 offset-md-1 col-12 content\">\n                    <div class=\"outer\">\n                        <div class=\"inner\">\n                            <h1 class=\"name-title\">Bepe Foto<\/h1>\n                            <div class=\"social-links\">\n                                <span class=\"text-anime\" data-delay=\"2\">F\u00f6lj oss p\u00e5<\/span>\n\t\t\t\t\t\t\t\t                                <a href=\"https:\/\/www.facebook.com\/bepefoto\"  target=\"_blank\" class=\"text-anime\" data-delay=\"2.1\" class=\"text-anime\" target=\"_blank\"><i class=\"fa-brands fa-facebook-f\"><\/i><\/a>\n\t\t\t\t\t\t\t\t                                <a href=\"https:\/\/www.facebook.com\/bepefoto\"  target=\"_blank\" class=\"text-anime\" data-delay=\"2.1\" class=\"text-anime\" target=\"_blank\"><i class=\"fa-brands fa-instagram\"><\/i><\/a>\n\t\t\t\t\t\t\t\t                            <\/div>\n                        <\/div>\n                    <\/div>\n                <\/div>\n            <\/div>\n            <a href=\"\"  target=\"_blank\" class=\"scroll-to-explore redirect\" data-duration=\"1000\">\n                <span data-hover=\"Om Oss\">Om Oss<\/span>\n                <i class=\"ri-arrow-right-up-line\"><\/i>\n            <\/a>\n    <\/div>\n\n\t\t<\/div>\n\t\t\t\t<\/div>\n\t\t\t\t<\/div>\n\t\t<div class=\"elementor-element elementor-element-7aaf9f1e e-flex e-con-boxed e-con e-parent\" data-id=\"7aaf9f1e\" data-element_type=\"container\">\n\t\t\t\t\t<div class=\"e-con-inner\">\n\t\t\t\t<div class=\"elementor-element elementor-element-604ecc35 elementor-widget elementor-widget-about_me\" data-id=\"604ecc35\" data-element_type=\"widget\" data-widget_type=\"about_me.default\">\n\t\t\t\t<div class=\"elementor-widget-container\">\n\t\t\t\n\n<div class=\"about-freelancer\">\n\t<div class=\"spacer-120 spacer-sm-60\"><\/div>\n\t\t<div class=\"section-title\">\n\t\t\t<span class=\"subheading text-anime\">OM OSS<\/span>\n\t\t\t<div class=\"spacer-30 spacer-md-15\"><\/div>\n\t\t\t<h2 class=\"text-anime\">Be-Pe Foto i V\u00e4rnamo \u2013 det \u00e4r sedan gammalt. Sedan 1924 f\u00f6r att vara exakt!\nV\u00e4lkommen till den lilla butiken med det stora hj\u00e4rtat! <\/h2>\n\t\t<\/div>\n\t<div class=\"spacer-120 spacer-sm-60\"><\/div>\n<\/div>\n\n\n\n\t\t<\/div>\n\t\t\t\t<\/div>\n\t\t\t\t\t<\/div>\n\t\t\t\t<\/div>\n\t\t<div class=\"elementor-element elementor-element-7f952de8 e-flex e-con-boxed e-con e-parent\" data-id=\"7f952de8\" data-element_type=\"container\">\n\t\t\t\t\t<div class=\"e-con-inner\">\n\t\t<div class=\"elementor-element elementor-element-9de9f9b e-con-full e-flex e-con e-child\" data-id=\"9de9f9b\" data-element_type=\"container\">\n\t\t\t\t<div class=\"elementor-element elementor-element-47e7a67 elementor-widget elementor-widget-counter\" data-id=\"47e7a67\" data-element_type=\"widget\" data-widget_type=\"counter.default\">\n\t\t\t\t<div class=\"elementor-widget-container\">\n\t\t\t\n\n<div class=\"agency-counter\">\n\t<!-- Number -->\n\t<div class=\"counter\">\n\t\t<div class=\"count-number\">100<\/div>\n\t\t<div class=\"right-side\">\n\t\t\t<div class=\"plus\"><span>+<\/span><\/div>\n\t\t\t<div class=\"counter-title\"><span>\u00c5R<\/span><\/div>\n\t\t<\/div>\n\t<\/div>\n<\/div>\n\n\t\t<\/div>\n\t\t\t\t<\/div>\n\t\t\t\t<\/div>\n\t\t<div class=\"elementor-element elementor-element-25bb2e00 e-con-full e-flex e-con e-child\" data-id=\"25bb2e00\" data-element_type=\"container\">\n\t\t\t\t<div class=\"elementor-element elementor-element-52c3cdd5 elementor-widget elementor-widget-counter\" data-id=\"52c3cdd5\" data-element_type=\"widget\" data-widget_type=\"counter.default\">\n\t\t\t\t<div class=\"elementor-widget-container\">\n\t\t\t\n\n<div class=\"agency-counter\">\n\t<!-- Number -->\n\t<div class=\"counter\">\n\t\t<div class=\"count-number\">1,400<\/div>\n\t\t<div class=\"right-side\">\n\t\t\t<div class=\"plus\"><span>+<\/span><\/div>\n\t\t\t<div class=\"counter-title\"><span>KLIENT<\/span><\/div>\n\t\t<\/div>\n\t<\/div>\n<\/div>\n\n\t\t<\/div>\n\t\t\t\t<\/div>\n\t\t\t\t<\/div>\n\t\t<div class=\"elementor-element elementor-element-22ffb5be e-con-full e-flex e-con e-child\" data-id=\"22ffb5be\" data-element_type=\"container\">\n\t\t\t\t<div class=\"elementor-element elementor-element-fb7f9d2 elementor-widget elementor-widget-counter\" data-id=\"fb7f9d2\" data-element_type=\"widget\" data-widget_type=\"counter.default\">\n\t\t\t\t<div class=\"elementor-widget-container\">\n\t\t\t\n\n<div class=\"agency-counter\">\n\t<!-- Number -->\n\t<div class=\"counter\">\n\t\t<div class=\"count-number\">100K<\/div>\n\t\t<div class=\"right-side\">\n\t\t\t<div class=\"plus\"><span>+<\/span><\/div>\n\t\t\t<div class=\"counter-title\"><span>FOTO<\/span><\/div>\n\t\t<\/div>\n\t<\/div>\n<\/div>\n\n\t\t<\/div>\n\t\t\t\t<\/div>\n\t\t\t\t<\/div>\n\t\t\t\t\t<\/div>\n\t\t\t\t<\/div>\n\t\t<div class=\"elementor-element elementor-element-befa385 e-con-full e-flex e-con e-parent\" data-id=\"befa385\" data-element_type=\"container\">\n\t\t\t\t<div class=\"elementor-element elementor-element-6475f3e elementor-widget elementor-widget-services_3\" data-id=\"6475f3e\" data-element_type=\"widget\" data-widget_type=\"services_3.default\">\n\t\t\t\t<div class=\"elementor-widget-container\">\n\t\t\t\n\n\n\n\n\t<div class=\"services-1 alternative-bg\">\n                <div class=\"spacer-120 spacer-md-120 spacer-sm-60\"><\/div>\n                <div class=\"container\">\n                    <div class=\"row g-5\">\n                        <div class=\"col-xl-4 offset-xl-1 no-gutter\">\n                            <div class=\"section-title\">\n                                <span class=\"subheading text-anime\">V\u00c5RA TJ\u00c4NSTER<\/span>\n                                <div class=\"spacer-30 spacer-md-15\"><\/div>\n                                <h3 class=\"text-anime\">VI KAN HJ\u00c4LPA ER<br>MED <\/h3>\n                            <\/div>\n                        <\/div>\n                        <div class=\"col-xl-6  no-margin\">\n                            <div class=\"spacer-120 spacer-sm-30\"><\/div>\n                            <div class=\"row\">\n                                <div class=\"col-xl-11 offset-xl-1 accordion\">\n                                    <div class=\"spacer-45 spacer-sm-30\"><\/div>\n\n\t\t\t\t\t                                    <div class=\"accordion-title\">\n                                        <div class=\"spacer-30\"><\/div>\n                                        <div class=\"text-anime\">K\u00f6rkort foto\/ ID foto<\/div>\n                                        <p class=\"little\">K\u00f6rkort\/ID-foto: Professionella och godk\u00e4nda foton f\u00f6r dina k\u00f6rkort och ID-handlingar, s\u00e4kerst\u00e4ller tydlighet och noggrannhet f\u00f6r officiell dokumentation<\/p>\n                                        <div class=\"spacer-30\"><\/div>\n                                        <hr>\n                                    <\/div>\n\t\t\t\t\t                                    <div class=\"accordion-title\">\n                                        <div class=\"spacer-30\"><\/div>\n                                        <div class=\"text-anime\">Framkallning<\/div>\n                                        <p class=\"little\">Vi framkallar dina egna bilder fr\u00e5n telefon och kamera, samt f\u00f6rstoringar under timmars v\u00e4ntetid. Allt p\u00e5 ett h\u00e5llbarts\u00e4tt.<\/p>\n                                        <div class=\"spacer-30\"><\/div>\n                                        <hr>\n                                    <\/div>\n\t\t\t\t\t                                    <div class=\"accordion-title\">\n                                        <div class=\"spacer-30\"><\/div>\n                                        <div class=\"text-anime\">Ramar<\/div>\n                                        <p class=\"little\">Stor sortement av ramar som vi kan hj\u00e4lpa dig rama in dina favoritbilder<\/p>\n                                        <div class=\"spacer-30\"><\/div>\n                                        <hr>\n                                    <\/div>\n\t\t\t\t\t                                    <div class=\"accordion-title\">\n                                        <div class=\"spacer-30\"><\/div>\n                                        <div class=\"text-anime\">Efterbest\u00e4ll<\/div>\n                                        <p class=\"little\">Vi hj\u00e4lper dig g\u00f6ra nya kopior av gammla bilder<\/p>\n                                        <div class=\"spacer-30\"><\/div>\n                                        <hr>\n                                    <\/div>\n\t\t\t\t\t                                    <div class=\"accordion-title\">\n                                        <div class=\"spacer-30\"><\/div>\n                                        <div class=\"text-anime\">Digitalisering<\/div>\n                                        <p class=\"little\">F\u00f6ra \u00f6ver p\u00e5 nya media, ex USB<\/p>\n                                        <div class=\"spacer-30\"><\/div>\n                                        <hr>\n                                    <\/div>\n\t\t\t\t\t                                    <div class=\"accordion-title\">\n                                        <div class=\"spacer-30\"><\/div>\n                                        <div class=\"text-anime\">Nyf\u00f6ddfoto, Br\u00f6llopsfoto, Familjefoto, Barn, syskon, Husdjur, Student<\/div>\n                                        <p class=\"little\">F\u00e5nga livets milstolpar: Fr\u00e5n nyf\u00f6dda till br\u00f6llop, familjer till husdjur och studentexamen, bevara varje \u00f6gonblick med skr\u00e4ddarsydda professionella fototj\u00e4nster f\u00f6r dig.<\/p>\n                                        <div class=\"spacer-30\"><\/div>\n                                        <hr>\n                                    <\/div>\n\t\t\t\t\t                                    <div class=\"accordion-title\">\n                                        <div class=\"spacer-30\"><\/div>\n                                        <div class=\"text-anime\">Evenemang \/ F\u00f6retag<\/div>\n                                        <p class=\"little\">F\u00f6rvandla dina speciella \u00f6gonblick till minnen med v\u00e5r expertis inom eventfotografering, d\u00e4r varje detalj f\u00e5ngas med precision och k\u00e4nsla.<\/p>\n                                        <div class=\"spacer-30\"><\/div>\n                                        <hr>\n                                    <\/div>\n\t\t\t\t\t                                    <div class=\"accordion-title\">\n                                        <div class=\"spacer-30\"><\/div>\n                                        <div class=\"text-anime\">Annat<\/div>\n                                        <p class=\"little\">Fr\u00e5n f\u00f6retagsevenemang till familjesammankomster f\u00e5ngar vi skickligt olika \u00f6gonblick, s\u00e4kerst\u00e4ller att varje tillf\u00e4lle \u00e4r f\u00f6r evigt med precision och v\u00e4rme.<\/p>\n                                        <div class=\"spacer-30\"><\/div>\n                                        <hr>\n                                    <\/div>\n\t\t\t\t\t\n                                <\/div>\n                            <\/div>\n                        <\/div>\n                    <\/div>\n                <\/div>\n                <div class=\"spacer-120 spacer-md-120 spacer-sm-60\"><\/div>\n            <\/div>\n\n\t\t<\/div>\n\t\t\t\t<\/div>\n\t\t\t\t<\/div>\n\t\t<div class=\"elementor-element elementor-element-4f9296a e-con-full e-flex e-con e-parent\" data-id=\"4f9296a\" data-element_type=\"container\" data-settings=\"{&quot;background_background&quot;:&quot;classic&quot;}\">\n\t\t\t\t<div class=\"elementor-element elementor-element-4f9f461 elementor-widget elementor-widget-horizontal_lightbox\" data-id=\"4f9f461\" data-element_type=\"widget\" data-widget_type=\"horizontal_lightbox.default\">\n\t\t\t\t<div class=\"elementor-widget-container\">\n\t\t\t\n\t<div class=\"position-x-scroll photographer-gallery\" data-offset=\"10\">\n                <div class=\"position-x-wrap\">\n\t\t\t\t\t                    <div class=\"item\">\n                        <div class=\"spacer-60\"><\/div>\n\t\t\t\t\t\t\t<div data-lightbox=\"https:\/\/bepefoto.se\/wp-content\/uploads\/2024\/03\/bab3.jpg\"  class=\"image-anime lightbox\">\n\t\t\t\t\t\t\t\t<img decoding=\"async\"  data-mfp-src=\"https:\/\/bepefoto.se\/wp-content\/uploads\/2024\/03\/bab3.jpg\" src=\"https:\/\/bepefoto.se\/wp-content\/uploads\/2024\/03\/bab3.jpg\" alt=\"\">\n\t\t\t\t\t\t\t<\/div>\n\t\t\t\t\t\t\t\t\t\t\t\t\t<div data-lightbox=\"https:\/\/bepefoto.se\/wp-content\/uploads\/2024\/03\/bab2.jpg\"  class=\"image-anime lightbox\">\n\t\t\t\t\t\t\t\t<img decoding=\"async\"  data-mfp-src=\"https:\/\/bepefoto.se\/wp-content\/uploads\/2024\/03\/bab2.jpg\" src=\"https:\/\/bepefoto.se\/wp-content\/uploads\/2024\/03\/bab2.jpg\" alt=\"\">\n\t\t\t\t\t\t\t<\/div>\n\t\t\t\t\t\t\t\t\t\t\t\t<\/div>\n\t\t\t\t\t                    <div class=\"item\">\n                        <div class=\"spacer-60\"><\/div>\n\t\t\t\t\t\t\t<div data-lightbox=\"https:\/\/bepefoto.se\/wp-content\/uploads\/2024\/03\/ph3.jpg\"  class=\"image-anime lightbox\">\n\t\t\t\t\t\t\t\t<img decoding=\"async\"  data-mfp-src=\"https:\/\/bepefoto.se\/wp-content\/uploads\/2024\/03\/ph3.jpg\" src=\"https:\/\/bepefoto.se\/wp-content\/uploads\/2024\/03\/ph3.jpg\" alt=\"\">\n\t\t\t\t\t\t\t<\/div>\n\t\t\t\t\t\t\t\t\t\t\t\t\t<div data-lightbox=\"https:\/\/bepefoto.se\/wp-content\/uploads\/2024\/03\/ph6.jpg\"  class=\"image-anime lightbox\">\n\t\t\t\t\t\t\t\t<img decoding=\"async\"  data-mfp-src=\"https:\/\/bepefoto.se\/wp-content\/uploads\/2024\/03\/ph6.jpg\" src=\"https:\/\/bepefoto.se\/wp-content\/uploads\/2024\/03\/ph6.jpg\" alt=\"\">\n\t\t\t\t\t\t\t<\/div>\n\t\t\t\t\t\t\t\t\t\t\t\t<\/div>\n\t\t\t\t\t                    <div class=\"item\">\n                        <div class=\"spacer-60\"><\/div>\n\t\t\t\t\t\t\t<div data-lightbox=\"https:\/\/bepefoto.se\/wp-content\/uploads\/2024\/03\/ph2.jpg\"  class=\"image-anime lightbox\">\n\t\t\t\t\t\t\t\t<img decoding=\"async\"  data-mfp-src=\"https:\/\/bepefoto.se\/wp-content\/uploads\/2024\/03\/ph2.jpg\" src=\"https:\/\/bepefoto.se\/wp-content\/uploads\/2024\/03\/ph2.jpg\" alt=\"\">\n\t\t\t\t\t\t\t<\/div>\n\t\t\t\t\t\t\t\t\t\t\t\t<\/div>\n\t\t\t\t\t                    <div class=\"item\">\n                        <div class=\"spacer-60\"><\/div>\n\t\t\t\t\t\t\t<div data-lightbox=\"https:\/\/bepefoto.se\/wp-content\/uploads\/2024\/03\/ph5.jpg\"  class=\"image-anime lightbox\">\n\t\t\t\t\t\t\t\t<img decoding=\"async\"  data-mfp-src=\"https:\/\/bepefoto.se\/wp-content\/uploads\/2024\/03\/ph5.jpg\" src=\"https:\/\/bepefoto.se\/wp-content\/uploads\/2024\/03\/ph5.jpg\" alt=\"\">\n\t\t\t\t\t\t\t<\/div>\n\t\t\t\t\t\t\t\t\t\t\t\t\t<div data-lightbox=\"https:\/\/bepefoto.se\/wp-content\/uploads\/2024\/03\/ph4.jpg\"  class=\"image-anime lightbox\">\n\t\t\t\t\t\t\t\t<img decoding=\"async\"  data-mfp-src=\"https:\/\/bepefoto.se\/wp-content\/uploads\/2024\/03\/ph4.jpg\" src=\"https:\/\/bepefoto.se\/wp-content\/uploads\/2024\/03\/ph4.jpg\" alt=\"\">\n\t\t\t\t\t\t\t<\/div>\n\t\t\t\t\t\t\t\t\t\t\t\t<\/div>\n\t\t\t\t\t                    <div class=\"item\">\n                        <div class=\"spacer-60\"><\/div>\n\t\t\t\t\t\t\t<div data-lightbox=\"https:\/\/bepefoto.se\/wp-content\/uploads\/2024\/03\/ph8.jpg\"  class=\"image-anime lightbox\">\n\t\t\t\t\t\t\t\t<img decoding=\"async\"  data-mfp-src=\"https:\/\/bepefoto.se\/wp-content\/uploads\/2024\/03\/ph8.jpg\" src=\"https:\/\/bepefoto.se\/wp-content\/uploads\/2024\/03\/ph8.jpg\" alt=\"\">\n\t\t\t\t\t\t\t<\/div>\n\t\t\t\t\t\t\t\t\t\t\t\t<\/div>\n\t\t\t\t\t                    <div class=\"item\">\n                        <div class=\"spacer-60\"><\/div>\n\t\t\t\t\t\t\t<div data-lightbox=\"https:\/\/bepefoto.se\/wp-content\/uploads\/2024\/03\/ph7.jpg\"  class=\"image-anime lightbox\">\n\t\t\t\t\t\t\t\t<img decoding=\"async\"  data-mfp-src=\"https:\/\/bepefoto.se\/wp-content\/uploads\/2024\/03\/ph7.jpg\" src=\"https:\/\/bepefoto.se\/wp-content\/uploads\/2024\/03\/ph7.jpg\" alt=\"\">\n\t\t\t\t\t\t\t<\/div>\n\t\t\t\t\t\t\t\t\t\t\t\t\t<div data-lightbox=\"https:\/\/bepefoto.se\/wp-content\/uploads\/2024\/03\/ph1.jpg\"  class=\"image-anime lightbox\">\n\t\t\t\t\t\t\t\t<img decoding=\"async\"  data-mfp-src=\"https:\/\/bepefoto.se\/wp-content\/uploads\/2024\/03\/ph1.jpg\" src=\"https:\/\/bepefoto.se\/wp-content\/uploads\/2024\/03\/ph1.jpg\" alt=\"\">\n\t\t\t\t\t\t\t<\/div>\n\t\t\t\t\t\t\t\t\t\t\t\t<\/div>\n\t\t\t\t\t                <\/div>\n            <\/div>\n\t\n\n\t\t<\/div>\n\t\t\t\t<\/div>\n\t\t\t\t<\/div>\n\t\t\t\t<\/div>\n\t\t","protected":false},"excerpt":{"rendered":"<p>Bepe Foto F\u00f6lj oss p\u00e5 Om Oss OM OSS Be-Pe Foto i V\u00e4rnamo \u2013 det \u00e4r sedan gammalt. Sedan 1924 f\u00f6r att vara exakt! V\u00e4lkommen till den lilla butiken med&#8230;<\/p>\n","protected":false},"author":1,"featured_media":0,"parent":0,"menu_order":0,"comment_status":"closed","ping_status":"closed","template":"","meta":{"_acf_changed":false,"footnotes":""},"class_list":["post-631","page","type-page","status-publish","hentry"],"acf":[],"_links":{"self":[{"href":"https:\/\/bepefoto.se\/index.php\/wp-json\/wp\/v2\/pages\/631","targetHints":{"allow":["GET"]}}],"collection":[{"href":"https:\/\/bepefoto.se\/index.php\/wp-json\/wp\/v2\/pages"}],"about":[{"href":"https:\/\/bepefoto.se\/index.php\/wp-json\/wp\/v2\/types\/page"}],"author":[{"embeddable":true,"href":"https:\/\/bepefoto.se\/index.php\/wp-json\/wp\/v2\/users\/1"}],"replies":[{"embeddable":true,"href":"https:\/\/bepefoto.se\/index.php\/wp-json\/wp\/v2\/comments?post=631"}],"version-history":[{"count":53,"href":"https:\/\/bepefoto.se\/index.php\/wp-json\/wp\/v2\/pages\/631\/revisions"}],"predecessor-version":[{"id":1783,"href":"https:\/\/bepefoto.se\/index.php\/wp-json\/wp\/v2\/pages\/631\/revisions\/1783"}],"wp:attachment":[{"href":"https:\/\/bepefoto.se\/index.php\/wp-json\/wp\/v2\/media?parent=631"}],"curies":[{"name":"wp","href":"https:\/\/api.w.org\/{rel}","templated":true}]}}