{"id":502,"date":"2024-01-17T11:14:32","date_gmt":"2024-01-17T11:14:32","guid":{"rendered":"http:\/\/localhost:8888\/flen-wp\/?page_id=502"},"modified":"2024-04-08T22:23:59","modified_gmt":"2024-04-08T22:23:59","slug":"pris","status":"publish","type":"page","link":"https:\/\/bepefoto.se\/index.php\/pris\/","title":{"rendered":"Pris"},"content":{"rendered":"\t\t<div data-elementor-type=\"wp-page\" data-elementor-id=\"502\" class=\"elementor elementor-502\">\n\t\t\t\t<div class=\"elementor-element elementor-element-93d879a e-con-full e-flex e-con e-parent\" data-id=\"93d879a\" data-element_type=\"container\">\n\t\t\t\t<div class=\"elementor-element elementor-element-649c4c4 elementor-widget elementor-widget-freelancer_hero\" data-id=\"649c4c4\" data-element_type=\"widget\" data-widget_type=\"freelancer_hero.default\">\n\t\t\t\t<div class=\"elementor-widget-container\">\n\t\t\t\n\n\t\t<div class=\"freelancer-hero\">\n\t\t\t<div class=\"container\">\n\t\t\t\t<div class=\"col-8\">\n\t\t\t\t\t<span class=\"hi text-anime\"><\/span>\n\t\t\t\t\t<div class=\"spacer-75\"><\/div>\n\t\t\t\t\t<h1 class=\"title text-anime\">H\u00f6g kvalitite till r\u00e4tt pris.\nV\u00e4lkommen till v\u00e5r prislista!<\/h1>\n\t\t\t\t<\/div>\n\t\t\t<\/div>\n\t\t\t<img decoding=\"async\" class=\"image bottom\" src=\"https:\/\/bepefoto.se\/wp-content\/uploads\/2024\/03\/rafal2.png\">\n\t\t<\/div>\n\n\n\t\t<\/div>\n\t\t\t\t<\/div>\n\t\t\t\t<\/div>\n\t\t<div class=\"elementor-element elementor-element-fe0b07c e-con-full e-flex e-con e-parent\" data-id=\"fe0b07c\" data-element_type=\"container\" data-settings=\"{&quot;background_background&quot;:&quot;classic&quot;}\">\n\t\t\t\t<div class=\"elementor-element elementor-element-55c6af9 elementor-widget elementor-widget-what_i_do\" data-id=\"55c6af9\" data-element_type=\"widget\" data-widget_type=\"what_i_do.default\">\n\t\t\t\t<div class=\"elementor-widget-container\">\n\t\t\t\n\n<div class=\"freelancer-services\">\n                <div class=\"spacer-120 spacer-sm-60\"><\/div>\n                <div class=\"container\">\n                    <div class=\"section-title\">\n                        <span class=\"subheading text-anime\">V\u00c5R PRISLISTA<\/span>\n                        <div class=\"spacer-30 spacer-md-15\"><\/div>\n                        <h3 class=\"text-anime\">Vi kan hj\u00e4lpa er med...<\/h3>\n                    <\/div>\n                <\/div>\n                <div class=\"spacer-90 spacer-sm-30\"><\/div>\n\t\t\t\t                <div class=\"service-item\">\n                    <hr class=\"hr-anime\">\n                    <div class=\"spacer-45\"><\/div>\n                    <div class=\"container\">\n                        <div class=\"row\">\n                            <div class=\"col-lg-5 col-md-12\">\n                                <h4 class=\"title text-anime\">K\u00f6rkort foto\/ ID foto<\/h4>\n                            <\/div>\n                            <div class=\"col-lg-7 col-md-12 align-right\">\n                                <p class=\"little\">279 SEK<\/p>\n                            <\/div>\n                        <\/div>\n                    <\/div>\n                    <div class=\"spacer-45\"><\/div>\n                <\/div>\n\t\t\t\t                <div class=\"service-item\">\n                    <hr class=\"hr-anime\">\n                    <div class=\"spacer-45\"><\/div>\n                    <div class=\"container\">\n                        <div class=\"row\">\n                            <div class=\"col-lg-5 col-md-12\">\n                                <h4 class=\"title text-anime\">Framkallning<\/h4>\n                            <\/div>\n                            <div class=\"col-lg-7 col-md-12 align-right\">\n                                <p class=\"little\">Fr\u00e5n 3 SEK<\/p>\n                            <\/div>\n                        <\/div>\n                    <\/div>\n                    <div class=\"spacer-45\"><\/div>\n                <\/div>\n\t\t\t\t                <div class=\"service-item\">\n                    <hr class=\"hr-anime\">\n                    <div class=\"spacer-45\"><\/div>\n                    <div class=\"container\">\n                        <div class=\"row\">\n                            <div class=\"col-lg-5 col-md-12\">\n                                <h4 class=\"title text-anime\">Ramar<\/h4>\n                            <\/div>\n                            <div class=\"col-lg-7 col-md-12 align-right\">\n                                <p class=\"little\">Fr\u00e5n 49 SEK<\/p>\n                            <\/div>\n                        <\/div>\n                    <\/div>\n                    <div class=\"spacer-45\"><\/div>\n                <\/div>\n\t\t\t\t                <div class=\"service-item\">\n                    <hr class=\"hr-anime\">\n                    <div class=\"spacer-45\"><\/div>\n                    <div class=\"container\">\n                        <div class=\"row\">\n                            <div class=\"col-lg-5 col-md-12\">\n                                <h4 class=\"title text-anime\">Efterbest\u00e4ll<\/h4>\n                            <\/div>\n                            <div class=\"col-lg-7 col-md-12 align-right\">\n                                <p class=\"little\">Fr\u00e5n 15 SEK<\/p>\n                            <\/div>\n                        <\/div>\n                    <\/div>\n                    <div class=\"spacer-45\"><\/div>\n                <\/div>\n\t\t\t\t                <div class=\"service-item\">\n                    <hr class=\"hr-anime\">\n                    <div class=\"spacer-45\"><\/div>\n                    <div class=\"container\">\n                        <div class=\"row\">\n                            <div class=\"col-lg-5 col-md-12\">\n                                <h4 class=\"title text-anime\">Digitalisering<\/h4>\n                            <\/div>\n                            <div class=\"col-lg-7 col-md-12 align-right\">\n                                <p class=\"little\">Fr\u00e5ga oss<\/p>\n                            <\/div>\n                        <\/div>\n                    <\/div>\n                    <div class=\"spacer-45\"><\/div>\n                <\/div>\n\t\t\t\t                <div class=\"service-item\">\n                    <hr class=\"hr-anime\">\n                    <div class=\"spacer-45\"><\/div>\n                    <div class=\"container\">\n                        <div class=\"row\">\n                            <div class=\"col-lg-5 col-md-12\">\n                                <h4 class=\"title text-anime\">Nyf\u00f6ddfoto, Br\u00f6llopsfoto, Familjefoto, Barn, Syskon, Portr\u00e4tt, Husdjur, Student<\/h4>\n                            <\/div>\n                            <div class=\"col-lg-7 col-md-12 align-right\">\n                                <p class=\"little\">Fr\u00e5n 450 SEK<\/p>\n                            <\/div>\n                        <\/div>\n                    <\/div>\n                    <div class=\"spacer-45\"><\/div>\n                <\/div>\n\t\t\t\t                <div class=\"service-item\">\n                    <hr class=\"hr-anime\">\n                    <div class=\"spacer-45\"><\/div>\n                    <div class=\"container\">\n                        <div class=\"row\">\n                            <div class=\"col-lg-5 col-md-12\">\n                                <h4 class=\"title text-anime\">Evenemang \/ F\u00f6retag<\/h4>\n                            <\/div>\n                            <div class=\"col-lg-7 col-md-12 align-right\">\n                                <p class=\"little\">Fr\u00e5ga oss<\/p>\n                            <\/div>\n                        <\/div>\n                    <\/div>\n                    <div class=\"spacer-45\"><\/div>\n                <\/div>\n\t\t\t\t                <div class=\"service-item\">\n                    <hr class=\"hr-anime\">\n                    <div class=\"spacer-45\"><\/div>\n                    <div class=\"container\">\n                        <div class=\"row\">\n                            <div class=\"col-lg-5 col-md-12\">\n                                <h4 class=\"title text-anime\">Annat<\/h4>\n                            <\/div>\n                            <div class=\"col-lg-7 col-md-12 align-right\">\n                                <p class=\"little\">Kontakta oss f\u00f6r mer hj\u00e4lp<\/p>\n                            <\/div>\n                        <\/div>\n                    <\/div>\n                    <div class=\"spacer-45\"><\/div>\n                <\/div>\n\t\t\t\t\n            <\/div>\n            \n\n\n\n\t\t<\/div>\n\t\t\t\t<\/div>\n\t\t\t\t<\/div>\n\t\t\t\t<\/div>\n\t\t","protected":false},"excerpt":{"rendered":"<p>H\u00f6g kvalitite till r\u00e4tt pris. V\u00e4lkommen till v\u00e5r prislista! V\u00c5R PRISLISTA Vi kan hj\u00e4lpa er med&#8230; K\u00f6rkort foto\/ ID foto 279 SEK Framkallning Fr\u00e5n 3 SEK Ramar Fr\u00e5n 49 SEK&#8230;<\/p>\n","protected":false},"author":1,"featured_media":0,"parent":0,"menu_order":0,"comment_status":"closed","ping_status":"closed","template":"","meta":{"_acf_changed":false,"footnotes":""},"class_list":["post-502","page","type-page","status-publish","hentry"],"acf":[],"_links":{"self":[{"href":"https:\/\/bepefoto.se\/index.php\/wp-json\/wp\/v2\/pages\/502","targetHints":{"allow":["GET"]}}],"collection":[{"href":"https:\/\/bepefoto.se\/index.php\/wp-json\/wp\/v2\/pages"}],"about":[{"href":"https:\/\/bepefoto.se\/index.php\/wp-json\/wp\/v2\/types\/page"}],"author":[{"embeddable":true,"href":"https:\/\/bepefoto.se\/index.php\/wp-json\/wp\/v2\/users\/1"}],"replies":[{"embeddable":true,"href":"https:\/\/bepefoto.se\/index.php\/wp-json\/wp\/v2\/comments?post=502"}],"version-history":[{"count":41,"href":"https:\/\/bepefoto.se\/index.php\/wp-json\/wp\/v2\/pages\/502\/revisions"}],"predecessor-version":[{"id":1782,"href":"https:\/\/bepefoto.se\/index.php\/wp-json\/wp\/v2\/pages\/502\/revisions\/1782"}],"wp:attachment":[{"href":"https:\/\/bepefoto.se\/index.php\/wp-json\/wp\/v2\/media?parent=502"}],"curies":[{"name":"wp","href":"https:\/\/api.w.org\/{rel}","templated":true}]}}